{"id":46,"date":"2019-11-27T16:24:12","date_gmt":"2019-11-27T16:24:12","guid":{"rendered":"http:\/\/bgc-aachen.com\/?page_id=46"},"modified":"2024-03-07T11:18:56","modified_gmt":"2024-03-07T11:18:56","slug":"46-2","status":"publish","type":"page","link":"https:\/\/bgc-aachen.com\/","title":{"rendered":"\u00dcber uns"},"content":{"rendered":"\n<a class=\"maxbutton-2 maxbutton\" href=\"javascript:void(0);\"><span class='mb-text'>Start up helper!<\/span><\/a>\n\n\n\n<p><\/p>\n\n\n\n<div class=\"wp-block-group\"><div class=\"wp-block-group__inner-container is-layout-flow wp-block-group-is-layout-flow\">\n<p>BGC-Aachen wurde 2004 gegr\u00fcndet, als IT Beratung.<\/p>\n\n\n\n<p>2007 kamen die Dienstleistungen Softwareentwicklung und Projektgesch\u00e4ft dazu.<\/p>\n\n\n\n<p>Seit 2008 bieten wir End-to-End Recruiting, Aktive Sourcing und Personalberatung an, sowie diverse Dienstleitungen f\u00fcr unsere Endkunden.  <\/p>\n\n\n\n<p class=\"has-text-align-left\">Wir arbeiten Branchen unabh\u00e4ngig, sind  stark vernetzt, flexibel und \u00fcber 9 to 5 erreichbar.<\/p>\n<\/div><\/div>\n\n\n\n<p><\/p>\n","protected":false},"excerpt":{"rendered":"<p>BGC-Aachen wurde 2004 gegr\u00fcndet, als IT Beratung. 2007 kamen die Dienstleistungen Softwareentwicklung und Projektgesch\u00e4ft dazu. Seit 2008 bieten wir End-to-End Recruiting, Aktive Sourcing und Personalberatung an, sowie diverse Dienstleitungen f\u00fcr unsere Endkunden. Wir arbeiten Branchen unabh\u00e4ngig, sind stark vernetzt, flexibel und \u00fcber 9 to 5 erreichbar.<\/p>\n","protected":false},"author":1,"featured_media":0,"parent":0,"menu_order":0,"comment_status":"closed","ping_status":"closed","template":"","meta":{"footnotes":""},"class_list":["post-46","page","type-page","status-publish","hentry"],"yoast_head":"<!-- This site is optimized with the Yoast SEO plugin v27.3 - https:\/\/yoast.com\/product\/yoast-seo-wordpress\/ -->\n<title>\u00dcber uns - BGC Aachen<\/title>\n<meta name=\"robots\" content=\"index, follow, max-snippet:-1, max-image-preview:large, max-video-preview:-1\" \/>\n<link rel=\"canonical\" href=\"https:\/\/bgc-aachen.com\/\" \/>\n<meta property=\"og:locale\" content=\"de_DE\" \/>\n<meta property=\"og:type\" content=\"article\" \/>\n<meta property=\"og:title\" content=\"\u00dcber uns - BGC Aachen\" \/>\n<meta property=\"og:description\" content=\"BGC-Aachen wurde 2004 gegr\u00fcndet, als IT Beratung. 2007 kamen die Dienstleistungen Softwareentwicklung und Projektgesch\u00e4ft dazu. Seit 2008 bieten wir End-to-End Recruiting, Aktive Sourcing und Personalberatung an, sowie diverse Dienstleitungen f\u00fcr unsere Endkunden. Wir arbeiten Branchen unabh\u00e4ngig, sind stark vernetzt, flexibel und \u00fcber 9 to 5 erreichbar.\" \/>\n<meta property=\"og:url\" content=\"https:\/\/bgc-aachen.com\/\" \/>\n<meta property=\"og:site_name\" content=\"BGC Aachen\" \/>\n<meta property=\"article:publisher\" content=\"http:\/\/www.bgc-aachen.com\" \/>\n<meta property=\"article:modified_time\" content=\"2024-03-07T11:18:56+00:00\" \/>\n<meta name=\"twitter:card\" content=\"summary_large_image\" \/>\n<meta name=\"twitter:label1\" content=\"Gesch\u00e4tzte Lesezeit\" \/>\n\t<meta name=\"twitter:data1\" content=\"1\u00a0Minute\" \/>\n<script type=\"application\/ld+json\" class=\"yoast-schema-graph\">{\"@context\":\"https:\\\/\\\/schema.org\",\"@graph\":[{\"@type\":\"WebPage\",\"@id\":\"https:\\\/\\\/bgc-aachen.com\\\/\",\"url\":\"https:\\\/\\\/bgc-aachen.com\\\/\",\"name\":\"\u00dcber uns - BGC Aachen\",\"isPartOf\":{\"@id\":\"https:\\\/\\\/bgc-aachen.com\\\/#website\"},\"datePublished\":\"2019-11-27T16:24:12+00:00\",\"dateModified\":\"2024-03-07T11:18:56+00:00\",\"breadcrumb\":{\"@id\":\"https:\\\/\\\/bgc-aachen.com\\\/#breadcrumb\"},\"inLanguage\":\"de\",\"potentialAction\":[{\"@type\":\"ReadAction\",\"target\":[\"https:\\\/\\\/bgc-aachen.com\\\/\"]}]},{\"@type\":\"BreadcrumbList\",\"@id\":\"https:\\\/\\\/bgc-aachen.com\\\/#breadcrumb\",\"itemListElement\":[{\"@type\":\"ListItem\",\"position\":1,\"name\":\"Startseite\",\"item\":\"https:\\\/\\\/bgc-aachen.com\\\/\"},{\"@type\":\"ListItem\",\"position\":2,\"name\":\"\u00dcber uns\"}]},{\"@type\":\"WebSite\",\"@id\":\"https:\\\/\\\/bgc-aachen.com\\\/#website\",\"url\":\"https:\\\/\\\/bgc-aachen.com\\\/\",\"name\":\"BGC Aachen\",\"description\":\"\",\"publisher\":{\"@id\":\"https:\\\/\\\/bgc-aachen.com\\\/#organization\"},\"potentialAction\":[{\"@type\":\"SearchAction\",\"target\":{\"@type\":\"EntryPoint\",\"urlTemplate\":\"https:\\\/\\\/bgc-aachen.com\\\/?s={search_term_string}\"},\"query-input\":{\"@type\":\"PropertyValueSpecification\",\"valueRequired\":true,\"valueName\":\"search_term_string\"}}],\"inLanguage\":\"de\"},{\"@type\":\"Organization\",\"@id\":\"https:\\\/\\\/bgc-aachen.com\\\/#organization\",\"name\":\"BGC Aachen\",\"url\":\"https:\\\/\\\/bgc-aachen.com\\\/\",\"logo\":{\"@type\":\"ImageObject\",\"inLanguage\":\"de\",\"@id\":\"https:\\\/\\\/bgc-aachen.com\\\/#\\\/schema\\\/logo\\\/image\\\/\",\"url\":\"https:\\\/\\\/bgc-aachen.com\\\/wp-content\\\/uploads\\\/2019\\\/11\\\/Aachener-Dom.jpg\",\"contentUrl\":\"https:\\\/\\\/bgc-aachen.com\\\/wp-content\\\/uploads\\\/2019\\\/11\\\/Aachener-Dom.jpg\",\"width\":1600,\"height\":1200,\"caption\":\"BGC Aachen\"},\"image\":{\"@id\":\"https:\\\/\\\/bgc-aachen.com\\\/#\\\/schema\\\/logo\\\/image\\\/\"},\"sameAs\":[\"http:\\\/\\\/www.bgc-aachen.com\",\"https:\\\/\\\/www.linkedin.com\\\/in\\\/boris-gillissen-428059101\\\/?lipi=urn:li:page:d_flagship3_feed;WXDjOnw2TJmq3R1y1iN51Q==\",\"http:\\\/\\\/www.pinterest.com\\\/bgcaachen\"]}]}<\/script>\n<!-- \/ Yoast SEO plugin. -->","yoast_head_json":{"title":"\u00dcber uns - BGC Aachen","robots":{"index":"index","follow":"follow","max-snippet":"max-snippet:-1","max-image-preview":"max-image-preview:large","max-video-preview":"max-video-preview:-1"},"canonical":"https:\/\/bgc-aachen.com\/","og_locale":"de_DE","og_type":"article","og_title":"\u00dcber uns - BGC Aachen","og_description":"BGC-Aachen wurde 2004 gegr\u00fcndet, als IT Beratung. 2007 kamen die Dienstleistungen Softwareentwicklung und Projektgesch\u00e4ft dazu. Seit 2008 bieten wir End-to-End Recruiting, Aktive Sourcing und Personalberatung an, sowie diverse Dienstleitungen f\u00fcr unsere Endkunden. Wir arbeiten Branchen unabh\u00e4ngig, sind stark vernetzt, flexibel und \u00fcber 9 to 5 erreichbar.","og_url":"https:\/\/bgc-aachen.com\/","og_site_name":"BGC Aachen","article_publisher":"http:\/\/www.bgc-aachen.com","article_modified_time":"2024-03-07T11:18:56+00:00","twitter_card":"summary_large_image","twitter_misc":{"Gesch\u00e4tzte Lesezeit":"1\u00a0Minute"},"schema":{"@context":"https:\/\/schema.org","@graph":[{"@type":"WebPage","@id":"https:\/\/bgc-aachen.com\/","url":"https:\/\/bgc-aachen.com\/","name":"\u00dcber uns - BGC Aachen","isPartOf":{"@id":"https:\/\/bgc-aachen.com\/#website"},"datePublished":"2019-11-27T16:24:12+00:00","dateModified":"2024-03-07T11:18:56+00:00","breadcrumb":{"@id":"https:\/\/bgc-aachen.com\/#breadcrumb"},"inLanguage":"de","potentialAction":[{"@type":"ReadAction","target":["https:\/\/bgc-aachen.com\/"]}]},{"@type":"BreadcrumbList","@id":"https:\/\/bgc-aachen.com\/#breadcrumb","itemListElement":[{"@type":"ListItem","position":1,"name":"Startseite","item":"https:\/\/bgc-aachen.com\/"},{"@type":"ListItem","position":2,"name":"\u00dcber uns"}]},{"@type":"WebSite","@id":"https:\/\/bgc-aachen.com\/#website","url":"https:\/\/bgc-aachen.com\/","name":"BGC Aachen","description":"","publisher":{"@id":"https:\/\/bgc-aachen.com\/#organization"},"potentialAction":[{"@type":"SearchAction","target":{"@type":"EntryPoint","urlTemplate":"https:\/\/bgc-aachen.com\/?s={search_term_string}"},"query-input":{"@type":"PropertyValueSpecification","valueRequired":true,"valueName":"search_term_string"}}],"inLanguage":"de"},{"@type":"Organization","@id":"https:\/\/bgc-aachen.com\/#organization","name":"BGC Aachen","url":"https:\/\/bgc-aachen.com\/","logo":{"@type":"ImageObject","inLanguage":"de","@id":"https:\/\/bgc-aachen.com\/#\/schema\/logo\/image\/","url":"https:\/\/bgc-aachen.com\/wp-content\/uploads\/2019\/11\/Aachener-Dom.jpg","contentUrl":"https:\/\/bgc-aachen.com\/wp-content\/uploads\/2019\/11\/Aachener-Dom.jpg","width":1600,"height":1200,"caption":"BGC Aachen"},"image":{"@id":"https:\/\/bgc-aachen.com\/#\/schema\/logo\/image\/"},"sameAs":["http:\/\/www.bgc-aachen.com","https:\/\/www.linkedin.com\/in\/boris-gillissen-428059101\/?lipi=urn:li:page:d_flagship3_feed;WXDjOnw2TJmq3R1y1iN51Q==","http:\/\/www.pinterest.com\/bgcaachen"]}]}},"_links":{"self":[{"href":"https:\/\/bgc-aachen.com\/index.php?rest_route=\/wp\/v2\/pages\/46","targetHints":{"allow":["GET"]}}],"collection":[{"href":"https:\/\/bgc-aachen.com\/index.php?rest_route=\/wp\/v2\/pages"}],"about":[{"href":"https:\/\/bgc-aachen.com\/index.php?rest_route=\/wp\/v2\/types\/page"}],"author":[{"embeddable":true,"href":"https:\/\/bgc-aachen.com\/index.php?rest_route=\/wp\/v2\/users\/1"}],"replies":[{"embeddable":true,"href":"https:\/\/bgc-aachen.com\/index.php?rest_route=%2Fwp%2Fv2%2Fcomments&post=46"}],"version-history":[{"count":11,"href":"https:\/\/bgc-aachen.com\/index.php?rest_route=\/wp\/v2\/pages\/46\/revisions"}],"predecessor-version":[{"id":216,"href":"https:\/\/bgc-aachen.com\/index.php?rest_route=\/wp\/v2\/pages\/46\/revisions\/216"}],"wp:attachment":[{"href":"https:\/\/bgc-aachen.com\/index.php?rest_route=%2Fwp%2Fv2%2Fmedia&parent=46"}],"curies":[{"name":"wp","href":"https:\/\/api.w.org\/{rel}","templated":true}]}}